{"id":25647,"date":"2024-07-08T00:43:57","date_gmt":"2024-07-08T06:43:57","guid":{"rendered":"https:\/\/uhabpeninsuladeyucatan.org\/?page_id=25647"},"modified":"2024-07-23T14:58:08","modified_gmt":"2024-07-23T20:58:08","slug":"lp-gana-tu-beca","status":"publish","type":"page","link":"https:\/\/universidad-cice.org\/index.php\/lp-gana-tu-beca\/","title":{"rendered":"Gana Tu Beca"},"content":{"rendered":"\n<h1>\n\t\t\u00a1Gana Tu BECA!\n\t<\/h1>\n<h3>\n\t\tTransforma tu Futuro: Completa tu Maestr\u00eda y Doctorado en Solo 2 A\u00f1os\n\t<\/h3>\n\t\t\t\t<img decoding=\"async\" src=\"https:\/\/universidad-cice.org\/wp-content\/uploads\/2024\/07\/men-ganatubeca-e1721454869501.jpeg\" alt=\"men-ganatubeca-e1721454869501.jpeg\" itemprop=\"image\" title=\"men-ganatubeca-e1721454869501.jpeg\" onerror=\"this.style.display='none'\"  \/>\n<h3>\n\t\t\u00a1Reg\u00edstrate a nuestro seminario gratuito y obt\u00e9n tu beca hasta del 70%!\n\t<\/h3>\n\t<!-- TODO ???\n--><form id=\"WebToLeadForm\" action=\"https:\/\/crm.site.uhabpeninsuladeyucatan.org\/index.php?entryPoint=WebToPersonCapture\" method=\"POST\" name=\"WebToLeadForm\">\n      <label>Nombre(s): *<\/label>\n      <input name=\"first_name\" id=\"first_name\" type=\"text\" required=\"\"\/>\n      <label>Apellido(s): *<\/label>\n      <input name=\"last_name\" id=\"last_name\" type=\"text\" required=\"\" \/>\n    &nbsp;\n      <label>Correo Electr\u00f3nico: *<\/label>\n      <input name=\"email1\" id=\"email1\" type=\"email\" required=\"\"\/>\n    &nbsp;\n         <input id=\"send-register\" name=\"Submit\" type=\"submit\" value=\"ENVIAR REGISTRO\" onclick=\"submit_form();\" \/>\n    &nbsp;\n<input name=\"campaign_id\" id=\"campaign_id\" type=\"hidden\" value=\"dda545c0-074c-0c3e-1cc8-668ba5d6f029\" \/> <input name=\"redirect_url\" id=\"redirect_url\" type=\"hidden\" value=\"https:\/\/universidad-cice.org\/index.php\/lp-gana-tu-beca-email\/\" \/> <input name=\"assigned_user_id\" id=\"assigned_user_id\" type=\"hidden\" value=\"1\" \/> <input name=\"moduleDir\" id=\"moduleDir\" type=\"hidden\" value=\"Leads\" \/>\n<\/form>\n\n\t<p>Obt\u00e9n tu t\u00edtulo de doctorado 100% en l\u00ednea con la Universidad Hispano Americana del Baj\u00edo Campus Pen\u00ednsula de Yucat\u00e1n.<\/p>\n\t\u00a1Gana hasta un 60% m\u00e1s con un Doctorado!<br \/>\n\u00bfSab\u00edas que con un doctorado puedes aumentar tu salario hasta en un 60%? Y lo mejor de todo, solo necesitas tu licenciatura para comenzar. \u00a1No dejes pasar esta oportunidad!<br \/>\n\u00danete a nuestro seminario gratuito \u00abGana tu beca\u00bb, donde te explicaremos c\u00f3mo puedes completar tu maestr\u00eda y doctorado en solo 25 meses, completamente en l\u00ednea, con la Universidad Hispano Americana del Baj\u00edo Campus Pen\u00ednsula de Yucat\u00e1n.<br \/>\n<img decoding=\"async\" role=\"img\" draggable=\"false\" src=\"https:\/\/s.w.org\/images\/core\/emoji\/15.0.3\/svg\/1f4c5.svg\" alt=\"\ud83d\udcc5\" \/> Fecha: 31 de julio<br \/>\n<img decoding=\"async\" role=\"img\" draggable=\"false\" src=\"https:\/\/s.w.org\/images\/core\/emoji\/15.0.3\/svg\/1f55b.svg\" alt=\"\ud83d\udd5b\" \/> Hora: 12 p.m. (hora del centro de M\u00e9xico)<br \/>\n<img decoding=\"async\" role=\"img\" draggable=\"false\" src=\"https:\/\/s.w.org\/images\/core\/emoji\/15.0.3\/svg\/1f4bb.svg\" alt=\"\ud83d\udcbb\" \/> Modalidad: 100% Virtual\nBeneficios del Programa:<br \/>\n\u2022 Completa tu maestr\u00eda y doctorado en solo 25 meses.<br \/>\n\u2022 Contamos con 3 doctorados: educaci\u00f3n, derecho y alta direcci\u00f3n.<br \/>\n\u2022 6 opciones de maestr\u00eda.<br \/>\n\u2022 Incrementa tu salario hasta en un 60%.<br \/>\n\u2022 Accede a una educaci\u00f3n de calidad 100% virtual.<br \/>\n\u2022 Aprende con el dream team de los catedr\u00e1ticos virtuales.<br \/>\n\u2022 Disfruta de una plataforma de aprendizaje disponible las 24\/7.<br \/>\n\u2022 Ahorra con una beca de hasta el 70%.\n<p>No dejes pasar esta oportunidad de oro. \u00a1Reg\u00edstrate ahora al seminario \u00abGana tu beca\u00bb y asegura tu futuro profesional!<\/p>\n\t<div class=\"hurrytimer-cdt hurrytimer-cdt--25722 hurrytimer-campaign hurryt-loading hurrytimer-campaign-25722\" data-config=\"{&quot;id&quot;:25722,&quot;run_in_background&quot;:false,&quot;sticky&quot;:false,&quot;product_ids&quot;:[],&quot;actions&quot;:[{&quot;id&quot;:6,&quot;redirectUrl&quot;:&quot;&quot;,&quot;message&quot;:&quot;&lt;strong&gt;\\u00a1TU TIEMPO SE ESTA TERMINANDO REGISTRATE!&lt;\\\/strong&gt;&quot;,&quot;coupon&quot;:&quot;&quot;,&quot;wcStockStatus&quot;:&quot;instock&quot;}],&quot;template&quot;:&quot;&lt;div class=\\&quot;hurrytimer-timer-block hurrytimer-cdt__dur\\&quot;&gt;&lt;div class=\\&quot;hurrytimer-timer-digit hurrytimer-cdt__time\\&quot;&gt;%I&lt;\\\/div&gt;&lt;div class=\\&quot;hurrytimer-timer-label hurrytimer-cdt__label\\&quot; &gt;HORAS&lt;\\\/div&gt;&lt;\\\/div&gt;&lt;div class=\\&quot;hurrytimer-cdt__sep hurrytimer-timer-sep\\&quot;&gt;:&lt;\\\/div&gt;&lt;div class=\\&quot;hurrytimer-timer-block hurrytimer-cdt__dur\\&quot;&gt;&lt;div class=\\&quot;hurrytimer-timer-digit hurrytimer-cdt__time\\&quot;&gt;%M&lt;\\\/div&gt;&lt;div class=\\&quot;hurrytimer-timer-label hurrytimer-cdt__label\\&quot; &gt;MIN&lt;\\\/div&gt;&lt;\\\/div&gt;&lt;div class=\\&quot;hurrytimer-cdt__sep hurrytimer-timer-sep\\&quot;&gt;:&lt;\\\/div&gt;&lt;div class=\\&quot;hurrytimer-timer-block hurrytimer-cdt__dur\\&quot;&gt;&lt;div class=\\&quot;hurrytimer-timer-digit hurrytimer-cdt__time\\&quot;&gt;%S&lt;\\\/div&gt;&lt;div class=\\&quot;hurrytimer-timer-label hurrytimer-cdt__label\\&quot; &gt;SEG&lt;\\\/div&gt;&lt;\\\/div&gt;&quot;,&quot;methods&quot;:[1,2],&quot;mode&quot;:&quot;evergreen&quot;,&quot;sticky_bar_hide_timeout&quot;:7,&quot;isRegular&quot;:false,&quot;restart_duration&quot;:0,&quot;duration&quot;:7200,&quot;evergreenEndType&quot;:&quot;duration&quot;,&quot;evergreenEndTime&quot;:&quot;&quot;,&quot;evergreenEndDay&quot;:0,&quot;should_reset&quot;:false,&quot;reset_token&quot;:&quot;&quot;,&quot;restart&quot;:&quot;2&quot;,&quot;endDate&quot;:null,&quot;cookieName&quot;:&quot;_ht_CDT-25722&quot;,&quot;reload_reset&quot;:false}\" ><div class=\"hurrytimer-cdt__inner hurrytimer-timer\"><\/div><div class=\"hurrytimer-cdt__headline hurrytimer-headline\"><span style=\"color: #e8c31e;\">\u00a1EL TIEMPO SE TERMINA, REGISTRATE !<\/span><\/div><div class='hurrytimer-button-wrap'><a class='hurrytimer-button' target='_self' href='https:\/\/universidad-cice.org\/index.php\/lp-gana-tu-beca\/#register-lp' >REGISTRATE Y OBT\u00c9N LOS BENEFICIOS<\/a><\/div><\/div>\n<h3>\n\t\t\u00a1SEMINARIO GRATUITO, SOLO PARTICIPA Y GANA TU BECA!\n\t<\/h3>\n\t\t\t\t<img loading=\"lazy\" decoding=\"async\" src=\"https:\/\/universidad-cice.org\/wp-content\/uploads\/2024\/02\/UHABPY500px.png\" alt=\"UHABPY500px\" itemprop=\"image\" height=\"600\" width=\"600\" title=\"UHABPY500px\" onerror=\"this.style.display='none'\"  \/>\n\t\t\t\t<img loading=\"lazy\" decoding=\"async\" src=\"https:\/\/universidad-cice.org\/wp-content\/uploads\/2024\/02\/cice_200px.png\" alt=\"cice_200px\" itemprop=\"image\" height=\"200\" width=\"200\" title=\"cice_200px\" onerror=\"this.style.display='none'\"  \/>\n\t\t\t\t<img loading=\"lazy\" decoding=\"async\" src=\"https:\/\/universidad-cice.org\/wp-content\/uploads\/2024\/07\/9cb0bc7cab743ffccd22c07719ec9ba3.jpg\" alt=\"9cb0bc7cab743ffccd22c07719ec9ba3\" itemprop=\"image\" height=\"561\" width=\"735\" title=\"9cb0bc7cab743ffccd22c07719ec9ba3\" onerror=\"this.style.display='none'\"  \/>\n\t<p>\u00danete a nuestro seminario gratuito de dos horas donde la Dra. Mayra Casta\u00f1eda, considerada uno de los 100 expertos en educaci\u00f3n m\u00e1s relevantes a nivel global y rectora de la UHAB PY, te explicar\u00e1 a detalle c\u00f3mo puedes lograr tu maestr\u00eda y doctorado en solo 25 meses. Descubre los beneficios \u00fanicos y c\u00f3mo este nuevo programa puede transformar tu vida profesional.<\/p>\n\t\t<h3><a href=\"#register-lp\" target=\"_self\" rel=\"noopener\">Registrate en Nuestro Seminario Gratuito<\/a><\/h3>\t\n\t<p>Reserva tu lugar en nuestro seminario gratuito y aseg\u00farate de conocer todos los detalles para tomar una decisi\u00f3n informada y r\u00e1pida. Adem\u00e1s,<strong> \u00bb\u00bb LOS 100 PRIMEROS EN REGISTRARSE AL SEMINARIO NO PAGAR\u00c1N INSCRIPCI\u00d3N \u00ab\u00ab<\/strong>.<\/p>\n<p><strong>\u00bfQu\u00e9 sucede si no te inscribes?<\/strong><\/p>\n<ul>\n<li><strong>Estancamiento Profesional<\/strong>: Permaneces en el mismo nivel sin avanzar.<\/li>\n<li><strong>Oportunidades Perdidas<\/strong>: Dejas pasar posibilidades de ascenso y mejores puestos.<\/li>\n<li><strong>Mayor Tiempo y Costo<\/strong>: Programas tradicionales requieren m\u00e1s tiempo y dinero.<\/li>\n<li><strong>Menor Competitividad<\/strong>: Careces de las credenciales necesarias para destacar.<\/li>\n<\/ul>\n<p>No dejes pasar esta oportunidad de transformar tu futuro profesional. Reserva tu lugar ahora y descubre c\u00f3mo puedes avanzar r\u00e1pidamente en tu carrera con nuestra maestr\u00eda y doctorado acelerados.<\/p>\n\t\t\t\t<img loading=\"lazy\" decoding=\"async\" src=\"https:\/\/universidad-cice.org\/wp-content\/uploads\/2024\/02\/UHABPY500px.png\" alt=\"UHABPY500px\" itemprop=\"image\" height=\"600\" width=\"600\" title=\"UHABPY500px\" onerror=\"this.style.display='none'\"  \/>\n\t\t\t\t<img loading=\"lazy\" decoding=\"async\" src=\"https:\/\/universidad-cice.org\/wp-content\/uploads\/2024\/02\/cice_200px.png\" alt=\"cice_200px\" itemprop=\"image\" height=\"200\" width=\"200\" title=\"cice_200px\" onerror=\"this.style.display='none'\"  \/>\n\t\t\t\t<img loading=\"lazy\" decoding=\"async\" src=\"https:\/\/universidad-cice.org\/wp-content\/uploads\/2024\/07\/9cb0bc7cab743ffccd22c07719ec9ba3.jpg\" alt=\"9cb0bc7cab743ffccd22c07719ec9ba3\" itemprop=\"image\" height=\"561\" width=\"735\" title=\"9cb0bc7cab743ffccd22c07719ec9ba3\" onerror=\"this.style.display='none'\"  \/>\n\t\t\t<a href=\"\" target=\"_self\" rel=\"noopener\">\n\t\t\t\t\t\tAviso de Privacidad\n\t\t\t\t\t<\/a>\n\n","protected":false},"excerpt":{"rendered":"<p>\u00a1Gana Tu BECA! Transforma tu Futuro: Completa tu Maestr\u00eda y Doctorado en Solo 2 A\u00f1os \u00a1Reg\u00edstrate a nuestro seminario gratuito y obt\u00e9n tu beca hasta del 70%! Nombre(s): * Apellido(s): * &nbsp; Correo Electr\u00f3nico: * &nbsp; &nbsp; Obt\u00e9n tu t\u00edtulo de doctorado 100% en l\u00ednea con la Universidad Hispano Americana del Baj\u00edo Campus Pen\u00ednsula de [&hellip;]<\/p>\n","protected":false},"author":1,"featured_media":0,"parent":0,"menu_order":0,"comment_status":"closed","ping_status":"closed","template":"","meta":{"_eb_attr":"","site-sidebar-layout":"default","site-content-layout":"","ast-site-content-layout":"default","site-content-style":"default","site-sidebar-style":"default","ast-global-header-display":"","ast-banner-title-visibility":"","ast-main-header-display":"","ast-hfb-above-header-display":"","ast-hfb-below-header-display":"","ast-hfb-mobile-header-display":"","site-post-title":"disabled","ast-breadcrumbs-content":"","ast-featured-img":"","footer-sml-layout":"","theme-transparent-header-meta":"","adv-header-id-meta":"","stick-header-meta":"","header-above-stick-meta":"","header-main-stick-meta":"","header-below-stick-meta":"","astra-migrate-meta-layouts":"set","ast-page-background-enabled":"default","ast-page-background-meta":{"desktop":{"background-color":"","background-image":"","background-repeat":"repeat","background-position":"center center","background-size":"auto","background-attachment":"scroll","background-type":"","background-media":"","overlay-type":"","overlay-color":"","overlay-opacity":"","overlay-gradient":""},"tablet":{"background-color":"","background-image":"","background-repeat":"repeat","background-position":"center center","background-size":"auto","background-attachment":"scroll","background-type":"","background-media":"","overlay-type":"","overlay-color":"","overlay-opacity":"","overlay-gradient":""},"mobile":{"background-color":"","background-image":"","background-repeat":"repeat","background-position":"center center","background-size":"auto","background-attachment":"scroll","background-type":"","background-media":"","overlay-type":"","overlay-color":"","overlay-opacity":"","overlay-gradient":""}},"ast-content-background-meta":{"desktop":{"background-color":"var(--ast-global-color-5)","background-image":"","background-repeat":"repeat","background-position":"center center","background-size":"auto","background-attachment":"scroll","background-type":"","background-media":"","overlay-type":"","overlay-color":"","overlay-opacity":"","overlay-gradient":""},"tablet":{"background-color":"var(--ast-global-color-5)","background-image":"","background-repeat":"repeat","background-position":"center center","background-size":"auto","background-attachment":"scroll","background-type":"","background-media":"","overlay-type":"","overlay-color":"","overlay-opacity":"","overlay-gradient":""},"mobile":{"background-color":"var(--ast-global-color-5)","background-image":"","background-repeat":"repeat","background-position":"center center","background-size":"auto","background-attachment":"scroll","background-type":"","background-media":"","overlay-type":"","overlay-color":"","overlay-opacity":"","overlay-gradient":""}},"footnotes":""},"class_list":["post-25647","page","type-page","status-publish","hentry"],"_links":{"self":[{"href":"https:\/\/universidad-cice.org\/index.php\/wp-json\/wp\/v2\/pages\/25647","targetHints":{"allow":["GET"]}}],"collection":[{"href":"https:\/\/universidad-cice.org\/index.php\/wp-json\/wp\/v2\/pages"}],"about":[{"href":"https:\/\/universidad-cice.org\/index.php\/wp-json\/wp\/v2\/types\/page"}],"author":[{"embeddable":true,"href":"https:\/\/universidad-cice.org\/index.php\/wp-json\/wp\/v2\/users\/1"}],"replies":[{"embeddable":true,"href":"https:\/\/universidad-cice.org\/index.php\/wp-json\/wp\/v2\/comments?post=25647"}],"version-history":[{"count":42,"href":"https:\/\/universidad-cice.org\/index.php\/wp-json\/wp\/v2\/pages\/25647\/revisions"}],"predecessor-version":[{"id":25760,"href":"https:\/\/universidad-cice.org\/index.php\/wp-json\/wp\/v2\/pages\/25647\/revisions\/25760"}],"wp:attachment":[{"href":"https:\/\/universidad-cice.org\/index.php\/wp-json\/wp\/v2\/media?parent=25647"}],"curies":[{"name":"wp","href":"https:\/\/api.w.org\/{rel}","templated":true}]}}